{"id":226,"date":"2018-02-27T18:39:15","date_gmt":"2018-02-27T18:39:15","guid":{"rendered":"http:\/\/parroquiasantamarta.com\/wp\/?page_id=226"},"modified":"2018-02-27T18:44:55","modified_gmt":"2018-02-27T18:44:55","slug":"animacion-pastoral-epap","status":"publish","type":"page","link":"https:\/\/parroquiasantamarta.com\/wp\/animacion-pastoral-epap\/","title":{"rendered":"Animaci\u00f3n Pastoral (EPAP)"},"content":{"rendered":"<p><strong>Equipo Parroquial de Animaci\u00f3n Pastoral (EPAP)<\/strong><br \/>\nFunciones:<br \/>\nHacer el an\u00e1lisis y diagn\u00f3stico de la parroquia.<\/p>\n<p>Elaborar t\u00e9cnicamente el programa anual de la parroquia y sus programas espec\u00edficos de acuerdo a las indicaciones del CPP (Consejo Parroquial Pastoral) y los elementos que ofrecen los diversos comit\u00e9s pastorales, al servicio de la actuaci\u00f3n del plan diocesano.<\/p>\n<p>Ayudar a los diversos comit\u00e9s pastorales a elaborar su programaci\u00f3n anual, que luego sera presentada al CPP.<br \/>\nPromover la espiritualidad de comuni\u00f3n, que origina y sustenta el plan, y que constituye el sentido de toda la renovaci\u00f3n parroquial y diocesana, a cuyo servicio est\u00e1 el mismo plan.<br \/>\nPromover la formaci\u00f3n doctrinal, espiritual y pastoral de los agentes de pastoral de la parroquia.<br \/>\nAyudar al p\u00e1rroco en el cumplimiento de aquellas responsabilidades pastorales para las que no cuenta con ayuda.<br \/>\nImpulsar, reelaborar, ejecutar y evaluar las acciones significativas propuestas en las orientaciones pastorales.<br \/>\nEstar en constante comunicaci\u00f3n con el EDAP (Equipo Diocesano de Animacion Pastoral), para desarrollar el plan pastoral y unificar criterios.<br \/>\nVisitar, motivar y acompa\u00f1ar las comunidades eclesiales de familias o zonas parroquiales<br \/>\nParticipar en las reuniones y retiros de la Vicar\u00eda<br \/>\nArticular los acontecimientos eclesiales en comuni\u00f3n con el plan pastoral de la di\u00f3cesis<\/p>\n<p>Para mayor informaci\u00f3n: <a href=\"mailto:correo@parroquiasantamarta.com\">correo@parroquiasantamarta.com<\/a><\/p>\n","protected":false},"excerpt":{"rendered":"<p>Equipo Parroquial de Animaci\u00f3n Pastoral (EPAP) Funciones: Hacer el an\u00e1lisis y diagn\u00f3stico de la parroquia. Elaborar t\u00e9cnicamente el programa anual de la parroquia y sus programas espec\u00edficos de acuerdo a las indicaciones del CPP (Consejo Parroquial Pastoral) y los elementos que ofrecen los diversos comit\u00e9s pastorales, al servicio de la actuaci\u00f3n del plan diocesano. Ayudar&hellip; <br \/> <a class=\"read-more\" href=\"https:\/\/parroquiasantamarta.com\/wp\/animacion-pastoral-epap\/\">Leer m\u00e1s<\/a><\/p>\n","protected":false},"author":1,"featured_media":234,"parent":0,"menu_order":0,"comment_status":"closed","ping_status":"closed","template":"","meta":[],"_links":{"self":[{"href":"https:\/\/parroquiasantamarta.com\/wp\/wp-json\/wp\/v2\/pages\/226"}],"collection":[{"href":"https:\/\/parroquiasantamarta.com\/wp\/wp-json\/wp\/v2\/pages"}],"about":[{"href":"https:\/\/parroquiasantamarta.com\/wp\/wp-json\/wp\/v2\/types\/page"}],"author":[{"embeddable":true,"href":"https:\/\/parroquiasantamarta.com\/wp\/wp-json\/wp\/v2\/users\/1"}],"replies":[{"embeddable":true,"href":"https:\/\/parroquiasantamarta.com\/wp\/wp-json\/wp\/v2\/comments?post=226"}],"version-history":[{"count":5,"href":"https:\/\/parroquiasantamarta.com\/wp\/wp-json\/wp\/v2\/pages\/226\/revisions"}],"predecessor-version":[{"id":237,"href":"https:\/\/parroquiasantamarta.com\/wp\/wp-json\/wp\/v2\/pages\/226\/revisions\/237"}],"wp:featuredmedia":[{"embeddable":true,"href":"https:\/\/parroquiasantamarta.com\/wp\/wp-json\/wp\/v2\/media\/234"}],"wp:attachment":[{"href":"https:\/\/parroquiasantamarta.com\/wp\/wp-json\/wp\/v2\/media?parent=226"}],"curies":[{"name":"wp","href":"https:\/\/api.w.org\/{rel}","templated":true}]}}